{"id":471,"date":"2020-04-01T06:22:43","date_gmt":"2020-04-01T06:22:43","guid":{"rendered":"https:\/\/www.sanchezarellano.com\/blog\/?page_id=471"},"modified":"2020-04-01T06:37:01","modified_gmt":"2020-04-01T06:37:01","slug":"gracias-por-tu-pago","status":"publish","type":"page","link":"https:\/\/www.sanchezarellano.com\/blog\/gracias-por-tu-pago\/","title":{"rendered":"Gracias por tu pago"},"content":{"rendered":"<p>Gracias por\u00a0tu pago<\/p>\n<p>Para ingresar al webinar, haga clic en la siguiente liga en la fecha y hora especificada: https:\/\/zoom.us\/j\/228919650<\/p>\n<p>&nbsp;<\/p>\n<p>Nota: Es recomendable que\u00a0NO comparta este v\u00ednculo, para evitar problemas de transmisi\u00f3n, ya que es s\u00f3lo para usted<\/p>\n<p>&nbsp;<\/p>\n<p>Esta liga se te compartir\u00e1 por correo electr\u00f3nico en unos momentos.<\/p>\n<p>&nbsp;<\/p>\n","protected":false},"excerpt":{"rendered":"<p>Gracias por\u00a0tu pago Para ingresar al webinar, haga clic en la siguiente liga en la fecha y hora especificada: https:\/\/zoom.us\/j\/228919650 &nbsp; Nota: Es recomendable que\u00a0NO comparta este v\u00ednculo, para evitar problemas de transmisi\u00f3n, ya&#46;&#46;&#46;<\/p>\n","protected":false},"author":2,"featured_media":0,"parent":0,"menu_order":0,"comment_status":"closed","ping_status":"closed","template":"","meta":{"footnotes":""},"_links":{"self":[{"href":"https:\/\/www.sanchezarellano.com\/blog\/wp-json\/wp\/v2\/pages\/471"}],"collection":[{"href":"https:\/\/www.sanchezarellano.com\/blog\/wp-json\/wp\/v2\/pages"}],"about":[{"href":"https:\/\/www.sanchezarellano.com\/blog\/wp-json\/wp\/v2\/types\/page"}],"author":[{"embeddable":true,"href":"https:\/\/www.sanchezarellano.com\/blog\/wp-json\/wp\/v2\/users\/2"}],"replies":[{"embeddable":true,"href":"https:\/\/www.sanchezarellano.com\/blog\/wp-json\/wp\/v2\/comments?post=471"}],"version-history":[{"count":2,"href":"https:\/\/www.sanchezarellano.com\/blog\/wp-json\/wp\/v2\/pages\/471\/revisions"}],"predecessor-version":[{"id":473,"href":"https:\/\/www.sanchezarellano.com\/blog\/wp-json\/wp\/v2\/pages\/471\/revisions\/473"}],"wp:attachment":[{"href":"https:\/\/www.sanchezarellano.com\/blog\/wp-json\/wp\/v2\/media?parent=471"}],"curies":[{"name":"wp","href":"https:\/\/api.w.org\/{rel}","templated":true}]}}